{"id":15,"date":"2016-02-16T11:17:54","date_gmt":"2016-02-16T10:17:54","guid":{"rendered":"http:\/\/www.rotary-family-shop.de\/shop\/?page_id=15"},"modified":"2017-02-27T14:24:23","modified_gmt":"2017-02-27T13:24:23","slug":"agbs","status":"publish","type":"page","link":"https:\/\/rotary-family-shop.de\/index.php\/agbs\/","title":{"rendered":"AGB"},"content":{"rendered":"<p style=\"text-align: center;\"><b>Allgemeine Gesch\u00e4ftsbedingungen<\/b><\/p>\n<p style=\"text-align: center;\">\u00a7 1<\/p>\n<p style=\"text-align: center;\">Geltungsbereich \u2013 Vertragsgegenstand<\/p>\n<ul>\n<li style=\"text-align: left;\">(1) Unsere AGB gelten f\u00fcr Lieferung von beweglichen Sachen nach Ma\u00dfgabe des zwischen uns und dem Kunden geschlossenen Vertrages.<\/li>\n<li style=\"text-align: left;\">(2) Unsere AGB gelten ausschlie\u00dflich; entgegenstehende oder von unseren AGB abweichende Bedingungen des Kunden erkennen wir nicht an, es sei denn, wir haben ausdr\u00fccklich schriftlich ihrer Geltung zugestimmt. Unsere AGB gelten auch dann, wenn wir in Kenntnis entgegenstehender oder von unseren Gesch\u00e4ftsbedingungen abweichender Bedingungen des Kunden die Lieferung vorbehaltlos ausf\u00fchren.<\/li>\n<li style=\"text-align: left;\">(3) Unsere AGB gelten sowohl gegen\u00fcber Verbrauchern als auch gegen\u00fcber Unternehmern, es sei denn, in der jeweiligen Klausel wird eine Differenzierung vorgenommen.<\/li>\n<\/ul>\n<p style=\"text-align: center;\">\u00a7 2<\/p>\n<p style=\"text-align: center;\">Angebot \u2013 Vertragsschluss \u2013 Angebotsunterlagen<\/p>\n<ul>\n<li>(1) Die Bestellung des Kunden stellt ein bindendes Angebot dar, das wir innerhalb von einer Woche durch Zusendung einer Auftragsbest\u00e4tigung oder durch Lieferung der Ware annehmen k\u00f6nnen. Vorher abgegebene Angebote durch uns sind freibleibend.<\/li>\n<li>(2) Bestellt der Kunde die Ware auf elektronischem Weg, werden der Vertragstext sowie diese AGB in wiedergabef\u00e4higer Form gespeichert und auf Verlangen des Kunden per E-Mail zugesandt.<\/li>\n<\/ul>\n<p style=\"text-align: center;\">\u00a7 3<\/p>\n<p style=\"text-align: center;\">Kundenkonto<\/p>\n<ul>\n<li>(1) Die Anmeldung zu unserem Online-Shop ist selbstverst\u00e4ndlich kostenlos.<\/li>\n<li>(2) Die Anmeldung eines Kundenkontos darf aber jeweils nur f\u00fcr eine einzelne nat\u00fcrliche Person als Kunde erfolgen. Die Anmeldung eines Unternehmers als Kunde ist innerhalb des Kundenkontos nicht m\u00f6glich.<\/li>\n<li>(3) Dem Kunden ist die Anmeldung nur dann erlaubt, wenn der Kunde auch unbeschr\u00e4nkt gesch\u00e4ftsf\u00e4hig bist. Das Kundenkonto ist daher auch nicht \u00fcbertragbar. Ein Anspruch auf Er\u00f6ffnung eines Kundenkontos besteht jedoch nicht.<\/li>\n<li>(4) Die bei der Anmeldung abgefragten Daten sind vollst\u00e4ndig und korrekt anzugeben. Bei \u00c4nderung dieser Daten ist der Kunde verpflichtet, die Angaben umgehend zu aktualisieren.<\/li>\n<li>(5) Bei der Anmeldung w\u00e4hlt der Kunde ein Passwort. Das Passwort muss geheim gehalten werden um den Zugriff anderer auf das Kundenkonto dadurch zu verhindern. Der Kunde ist verpflichtet, uns umgehend zu informieren, falls Anhaltspunkte daf\u00fcr bestehen, dass ein Dritter das Kundenkonto missbraucht hat.<\/li>\n<li>(6) Wir behalten uns vor, das Kundenkonto zu sperren und den Kunden sogar dauerhaft vom weiteren Handel \u00fcber unseren Online-Shop auszuschlie\u00dfen, wenn der Kunde bei der Anmeldung falsche Daten angegeben, das Kundenkonto \u00fcbertragen, im Zusammenhang mit unserem Online-Shop gesetzliche Vorschriften, Rechte Dritter oder diese AGB verletzt, anderen Kunden oder uns erheblichen Schaden zugef\u00fcgt hat oder ein anderer wichtiger Grund gegeben ist.<\/li>\n<\/ul>\n<p style=\"text-align: center;\">\u00a7 4<\/p>\n<p style=\"text-align: center;\">Preise und Zahlungsbedingungen<\/p>\n<ul>\n<li>(1) Der angebotene Kaufpreis ist bindend. Hierin ist die gesetzliche Umsatzsteuer enthalten.<\/li>\n<li>(2) Der Kaufpreis ist innerhalb von 8 Tagen netto Kasse nach Erhalt der Rechnung, per Vorkasse, per Nachnahme innerhalb Deutschlands, per Lastschrift oder bei Abholung der Ware zur Zahlung f\u00e4llig. Es gelten die gesetzlichen Regeln betreffend die Folgen des Zahlungsverzugs.<\/li>\n<li>(3) Preis\u00e4nderungen sind zul\u00e4ssig, wenn zwischen Vertragsabschluss und vereinbartem Liefertermin mehr als vier Monate liegen. \u00c4ndern sich danach bis zur Lieferung die L\u00f6hne oder die Materialkosten, so sind wir berechtigt, den Preis angemessen entsprechend den Kostensteigerungen oder den Kostensenkungen zu \u00e4ndern. Der Kunde ist zum R\u00fccktritt nur berechtigt, wenn eine Preiserh\u00f6hung den Anstieg der allgemeinen Lebenshaltungskosten zwischen Bestellung und Auslieferung nicht nur unerheblich \u00fcbersteigt.<\/li>\n<li>(4) Aufrechnungsrechte stehen dem Kunden nur zu, wenn seine Gegenanspr\u00fcche rechtskr\u00e4ftig festgestellt, unbestritten, von uns anerkannt oder mit unserer Hauptforderung synallagmatisch verkn\u00fcpft sind. Au\u00dferdem ist er zur Aus\u00fcbung eines Zur\u00fcckbehaltungsrechts insoweit befugt, als sein Gegenanspruch auf dem gleichen Vertragsverh\u00e4ltnis beruht.<\/li>\n<\/ul>\n<p style=\"text-align: center;\">\u00a7 5<\/p>\n<p style=\"text-align: center;\">Leistungszeit<\/p>\n<p>Sind von uns Lieferfristen angegeben und zur Grundlage f\u00fcr die Auftragserteilung gemacht worden, verl\u00e4ngern sich solche Fristen bei Streik und F\u00e4llen h\u00f6herer Gewalt und zwar f\u00fcr die Dauer der Verz\u00f6gerung. Das Gleiche gilt, wenn der Kunde etwaige Mitwirkungspflichten nicht erf\u00fcllt.<\/p>\n<p style=\"text-align: center;\">\u00a7 6<\/p>\n<p style=\"text-align: center;\">Widerrufsbelehrung \u2013 Widerrufsrecht<\/p>\n<p>Sie haben das Recht, binnen vierzehn Tagen ohne Angabe von Gr\u00fcnden diesen Vertrag zu widerrufen.Die Widerrufsfrist betr\u00e4gt vierzehn Tage ab dem Tag, an dem Sie oder ein von Ihnen benannter Dritter, der nicht der Bef\u00f6rderer ist, die Waren in Besitz genommen haben bzw. hat. Um Ihr Widerrufsrecht auszu\u00fcben, m\u00fcssen Sie uns<\/p>\n<p>Kappen-Orth GmbH &amp; Co. KG<\/p>\n<p>Stockelsdorfer Weg 78<\/p>\n<p>23611 Bad Schwartau<\/p>\n<p>Tel.: 0451 \/ 280 98-0<\/p>\n<p>Fax: 0451 \/ 280 98-38<\/p>\n<p>E-Mail: info@kappen-orth.de<\/p>\n<p>mittels einer eindeutigen Erkl\u00e4rung ( z.B. ein mit der Post versandter Brief, Fax oder E-Mail ) \u00fcber Ihren Entschluss, diesen Vertrag zu widerrufen, informieren. Zur Wahrung der Widerrufsfrist reicht es aus, dass Sie die Mitteilung \u00fcber die Aus\u00fcbung des Widerrufsrechts vor Ablauf der Widerrufsfrist absenden.<\/p>\n<p><strong>Folgen der Widerrufs<\/strong><\/p>\n<p>Wenn Sie diesen Vertrag widerrufen, haben wir Ihnen alle Zahlungen, die wir von Ihnen erhalten haben, einschlie\u00dflich der Lieferkosten ( mit Ausnahme der zus\u00e4tzlichen Kosten, die sich daraus ergeben, dass Sie eine andere Art der Lieferung als die von uns angebotene, g\u00fcnstigere Standardlieferung gew\u00e4hlt haben ), unverz\u00fcglich und sp\u00e4testens binnen vierzehn Tagen ab dem Tag zur\u00fcckzuzahlen, an dem die Mitteilung \u00fcber Ihren Widerruf dieses Vertrags bei uns eingegangen ist. F\u00fcr diese R\u00fcckzahlung verwenden wir dasselbe Zahlungsmittel, das Sie bei der urspr\u00fcnglichen Transaktion eingesetzt haben, es sei denn, mit Ihnen wurde ausdr\u00fccklich etwas anderes vereinbart; in keinem Fall werden Ihnen wegen dieser R\u00fcckzahlung Entgelte berechnet. Wir k\u00f6nnen die R\u00fcckzahlung verweigern, bis wir die Waren wieder zur\u00fcckerhalten haben oder Sie den Nachweis erbracht haben, dass Sie die Waren zur\u00fcckgesandt haben, je nachdem, welches der fr\u00fchere Zeitpunkt ist.<\/p>\n<p>Sie haben die Waren unverz\u00fcglich und in jedem Fall sp\u00e4testens binnen vierzehn Tagen ab dem Tag, an dem Sie uns \u00fcber den Widerruf dieses Vertrags unterrichten, an uns zur\u00fcckzusenden oder zu \u00fcbergeben. Die Frist ist gewahrt, wenn Sie die Waren vor Ablauf der Frist von vierzehn Tagen absenden. Sie tragen die unmittelbaren Kosten der R\u00fccksendung der Waren.<\/p>\n<p style=\"text-align: center;\">\u00a7 7<\/p>\n<p style=\"text-align: center;\">Haftung f\u00fcr M\u00e4ngel<\/p>\n<ul>\n<li>(1) Wir haften bei Vorliegen eines Mangels nach den gesetzlichen Vorschriften, soweit sich aus dem Nachfolgenden keine Einschr\u00e4nkungen ergeben. Der Kunde hat offensichtliche M\u00e4ngel uns gegen\u00fcber innerhalb von zwei Wochen nach Auftreten des Mangels schriftlich anzuzeigen. Erfolgt die Anzeige nicht innerhalb der vorgenannten Frist, erl\u00f6schen die Gew\u00e4hrleistungsrechte. Das gilt nicht, wenn wir den Mangel arglistig verschwiegen oder eine Garantie f\u00fcr die Beschaffenheit der Sache \u00fcbernommen haben.<\/li>\n<li>(2) Die Verj\u00e4hrungsfrist betr\u00e4gt f\u00fcr M\u00e4ngelanspr\u00fcche bei der Lieferung neuer Sachen zwei Jahre, gerechnet ab Gefahren\u00fcbergang. Bei gebrauchten Sachen betr\u00e4gt die Gew\u00e4hrleistungsfrist einheitlich ein Jahr, gerechnet ab Gefahr\u00fcbergang. Dies gilt nicht, soweit es sich um Schadensersatzanspr\u00fcche wegen M\u00e4ngeln handelt. F\u00fcr Schadensersatzanspr\u00fcche wegen eines Mangels gilt \u00a77.<\/li>\n<li>(3) Garantien im Rechtssinne erh\u00e4lt der Kunde durch uns nicht.<\/li>\n<\/ul>\n<p style=\"text-align: center;\">\u00a7 8<\/p>\n<p style=\"text-align: center;\">Haftung f\u00fcr Sch\u00e4den<\/p>\n<ul>\n<li>(1) Unsere Haftung f\u00fcr vertragliche Pflichtverletzungen sowie aus Delikt ist auf Vorsatz und grobe Fahrl\u00e4ssigkeit beschr\u00e4nkt. Dies gilt nicht bei Verletzungen von Leben, K\u00f6rper und Gesundheit des Kunden, Anspr\u00fcchen wegen der Verletzung von Kardinalpflichten, d. h. von Pflichten, die sich aus der Natur des Vertrages ergeben und bei deren Verletzung die Erreichung des Vertragszwecks gef\u00e4hrdet ist, sowie dem Ersatz von Verzugssch\u00e4den ($ 286 BGB). Insoweit haften wir f\u00fcr jeden Grad des Verschuldens.<\/li>\n<li>(2) Der vorgenannte Haftungsausschluss gilt ebenfalls f\u00fcr leicht fahrl\u00e4ssige Pflichtverletzungen unserer Erf\u00fcllungsgehilfen.<\/li>\n<li>(3) Soweit eine Haftung f\u00fcr Sch\u00e4den, die nicht auf der Verletzung von Leben, K\u00f6rper oder Gesundheit des Kunden beruhen, f\u00fcr leichte Fahrl\u00e4ssigkeit nicht ausgeschlossen ist, verj\u00e4hren derartige Anspr\u00fcche innerhalb eines Jahres beginnend mit der Entstehung des Anspruches.<\/li>\n<li>(4) Soweit die Schadensersatzhaftung uns gegen\u00fcber ausgeschlossen oder eingeschr\u00e4nkt ist, gilt dies auch im Hinblick auf die pers\u00f6nliche Schadensersatzhaftung unserer Angestellten, Arbeitnehmer, Mitarbeiter, Vertreter und Erf\u00fcllungsgehilfen.<\/li>\n<\/ul>\n<p style=\"text-align: center;\">\u00a7 9<\/p>\n<p style=\"text-align: center;\">Eigentumsvorbehalt<\/p>\n<ul>\n<li>(1) Wir behalten uns das Eigentum an dem Kaufgegenstand bis zur vollst\u00e4ndigen Zahlung des Kaufpreises vor.<\/li>\n<li>(2) \u00dcber Zwangsvollstreckungsma\u00dfnahmen Dritter in die Vorbehaltsware hat uns der Kunde unverz\u00fcglich unter \u00dcbergabe der f\u00fcr eine Intervention notwendigen Unterlagen zu unterrichten; dies gilt auch f\u00fcr Beeintr\u00e4chtigungen sonstiger Art. Unabh\u00e4ngig davon hat der Kunde bereits im Vorhinein die Dritten auf die an der Ware bestehenden Rechte hinzuweisen.<\/li>\n<\/ul>\n<p style=\"text-align: center;\">\u00a7 10<\/p>\n<p style=\"text-align: center;\">Verj\u00e4hrung eigener Anspr\u00fcche<\/p>\n<p>Unsere Anspr\u00fcche auf Zahlung verj\u00e4hren abweichend von \u00a7 195 BGB in f\u00fcnf Jahren. Bez\u00fcglich des Beginns der Verj\u00e4hrungsfrist gilt \u00a7 199 BGB.<\/p>\n<p style=\"text-align: center;\">$ 11<\/p>\n<p style=\"text-align: center;\">Form von Erkl\u00e4rungen<\/p>\n<p style=\"text-align: left;\">Rechtserhebliche Erkl\u00e4rungen und Anzeigen, die der Kunde gegen\u00fcber uns oder einem Dritten abzugeben hat, bed\u00fcrfen der Schriftform.<\/p>\n<p style=\"text-align: center;\">\u00a7 12<\/p>\n<p style=\"text-align: center;\">Erf\u00fcllungsort \u2013 Rechtswahl \u2013 Gerichtsstand<\/p>\n<ul>\n<li>(1) Soweit sich aus dem Vertrag nichts anderes ergibt, ist Erf\u00fcllungs- und Zahlungsort unser Gesch\u00e4ftssitz. Die gesetzlichen Regelungen \u00fcber die Gerichtsst\u00e4nde bleiben unber\u00fchrt, soweit sich nicht aus der Sonderregelung des Absatzes 3 etwas anderes ergibt.<\/li>\n<li>(2) F\u00fcr diesen Vertrag gilt das Recht der Bundesrepublik Deutschland. Dies gilt nicht, wenn spezielle Verbraucherschutzvorschriften im Heimatland des Kunden g\u00fcnstiger sind (Art. 6 VO [EG] 593\/2008).<\/li>\n<li>(3) Hat der Kunde keinen allgemeinen Gerichtsstand in Deutschland oder in einem anderen EU-Mitgliedsstaat, ist ausschlie\u00dflicher Gerichtsstand f\u00fcr s\u00e4mtliche Streitigkeiten aus diesem Vertrag unser Gesch\u00e4ftssitz<\/li>\n<\/ul>\n<p style=\"text-align: center;\">\u00a7 13<\/p>\n<p style=\"text-align: center;\">Hinweise zur Datenverarbeitung<\/p>\n<ul>\n<li>(1) Wir erheben im Rahmen der Abwicklung von Vertr\u00e4gen Daten vom Kunden. Wir beachten dabei insbesondere die Vorschriften des Bundesdatenschutzgesetzes und des Telemediengesetzes. Ohne die Einwilligung des Kunden, werden wir Bestands- und Nutzungsdaten vom Kunden nur erheben, verarbeiten oder nutzen, soweit dies f\u00fcr die Abwicklung des Vertragsverh\u00e4ltnisses und f\u00fcr die Inanspruchnahme und Abrechnung von Telemedien erforderlich ist.<\/li>\n<li>(2) Ohne Einwilligung des Kunden werden wir Daten des Kunden nicht f\u00fcr Zwecke der Werbung, Markt- oder Meinungsforschung nutzen. Eine weitergehende Erhebung, Verarbeitung und Nutzung personenbezogener Daten erfolgt nur, soweit eine Rechtsvorschrift dieses erlaubt oder der Kunde ausdr\u00fccklich in diese Nutzungen einwilligt.<\/li>\n<li>(3) Der Kunde hat jederzeit die M\u00f6glichkeit, die vom Kunden gespeicherten Daten unter dem Button \u201eMein Konto\u201c im Profil des Kunden abzurufen, dieses zu \u00e4ndern oder zu l\u00f6schen.<\/li>\n<li>(4) Dem Kunden ist bekannt, dass f\u00fcr die Begr\u00fcndung und die Durchf\u00fchrung dieses Vertrages Name, Verbraucher- bzw. Unternehmereigenschaft, Adresse, Geburtsdatum und Bankverbindung des Kunden erforderlich sind und der Kunde stimmt der Erhebung, Verarbeitung und Nutzung dieser Daten zu diesem Zweck zu.<\/li>\n<li>(5) Wir sind berechtigt, im Rahmen des gesetzlich Zul\u00e4ssigen, zum Zweck der Entscheidung \u00fcber die Begr\u00fcndung, Durchf\u00fchrung oder Beendigung des Kaufvertrages, das Risiko von Zahlungsausf\u00e4llen auf K\u00e4uferseite zu pr\u00fcfen.<\/li>\n<li>(6) Wir sind berechtigt, die Daten des Kunden an Dritte zu \u00fcbermitteln, wenn und soweit dies zur Durchf\u00fchrung dieses Vertrages (z.B. f\u00fcr den Versand, Rechnungsstellung und Kundenbetreuung) erforderlich ist. Der Kunde ist auch damit einverstanden, dass wir die Daten des Kunden, im Rahmen des gesetzlich Zul\u00e4ssigen, zum Zwecke der Forderungsdurchsetzung an Dritte (z.B. Inkasso-Unternehmen) weiterleiten.<\/li>\n<\/ul>\n","protected":false},"excerpt":{"rendered":"<p>Allgemeine Gesch\u00e4ftsbedingungen \u00a7 1 Geltungsbereich \u2013 Vertragsgegenstand (1) Unsere AGB gelten f\u00fcr Lieferung von beweglichen Sachen nach Ma\u00dfgabe des zwischen uns und dem Kunden geschlossenen Vertrages. (2) Unsere AGB gelten ausschlie\u00dflich; entgegenstehende oder von unseren AGB abweichende Bedingungen des Kunden erkennen wir nicht an, es sei denn, wir haben ausdr\u00fccklich schriftlich ihrer Geltung zugestimmt. Unsere &hellip; <\/p>\n<p class=\"link-more\"><a href=\"https:\/\/rotary-family-shop.de\/index.php\/agbs\/\" class=\"more-link\"><span class=\"screen-reader-text\">\u201eAGB\u201c <\/span>weiterlesen<\/a><\/p>\n","protected":false},"author":1,"featured_media":0,"parent":0,"menu_order":0,"comment_status":"closed","ping_status":"closed","template":"","meta":{"footnotes":""},"class_list":["post-15","page","type-page","status-publish","hentry"],"_links":{"self":[{"href":"https:\/\/rotary-family-shop.de\/index.php\/wp-json\/wp\/v2\/pages\/15","targetHints":{"allow":["GET"]}}],"collection":[{"href":"https:\/\/rotary-family-shop.de\/index.php\/wp-json\/wp\/v2\/pages"}],"about":[{"href":"https:\/\/rotary-family-shop.de\/index.php\/wp-json\/wp\/v2\/types\/page"}],"author":[{"embeddable":true,"href":"https:\/\/rotary-family-shop.de\/index.php\/wp-json\/wp\/v2\/users\/1"}],"replies":[{"embeddable":true,"href":"https:\/\/rotary-family-shop.de\/index.php\/wp-json\/wp\/v2\/comments?post=15"}],"version-history":[{"count":6,"href":"https:\/\/rotary-family-shop.de\/index.php\/wp-json\/wp\/v2\/pages\/15\/revisions"}],"predecessor-version":[{"id":1896,"href":"https:\/\/rotary-family-shop.de\/index.php\/wp-json\/wp\/v2\/pages\/15\/revisions\/1896"}],"wp:attachment":[{"href":"https:\/\/rotary-family-shop.de\/index.php\/wp-json\/wp\/v2\/media?parent=15"}],"curies":[{"name":"wp","href":"https:\/\/api.w.org\/{rel}","templated":true}]}}