{"id":1578,"date":"2016-07-07T17:16:05","date_gmt":"2016-07-07T15:16:05","guid":{"rendered":"http:\/\/www.rotary-family-shop.de\/shop\/?page_id=1578"},"modified":"2016-07-07T17:16:05","modified_gmt":"2016-07-07T15:16:05","slug":"allgemeine_geschaeftsbedingungen_oesterreich","status":"publish","type":"page","link":"https:\/\/rotary-family-shop.de\/index.php\/allgemeine_geschaeftsbedingungen_oesterreich\/","title":{"rendered":"Allgemeine Gesch\u00e4ftsbedingungen (\u00d6sterreich)"},"content":{"rendered":"<p><b>Allgemeine Gesch\u00e4ftsbedingungen<\/b><\/p>\n<p>1. Zahlungsbedingungen: 8 Tage netto Kasse nach<br \/>\nErhalt der Rechnung<\/p>\n<p>2. Lieferung ab Werk Bad Schwartau inkl. Mwst.<\/p>\n<p>3. Reklamationen k\u00f6nnen nur innerhalb 8<br \/>\nTagen nach Eingang der Ware ber\u00fccksichtigt<br \/>\nwerden.<\/p>\n<p>4. Die gelieferten Waren bleiben bis zur v\u00f6lligen<br \/>\nBezahlung unser Eigentum.<\/p>\n<p>5. Bei Zahlungsverzug berechnen wir ab 2.Mahnung<br \/>\nVerwaltungskosten sowie Porto und sonstige<br \/>\nanfallende Kosten.<\/p>\n<p>6. Bei versp\u00e4teter Zahlung berechnen wir die<br \/>\nbank\u00fcblichen Zinsen bis zum Zahlungseingang.<\/p>\n<p>7. Erf\u00fcllungsort f\u00fcr Lieferung und Zahlung sowie<br \/>\nGerichtsstand ist 23611 Bad Schwartau.<\/p>\n<p>8. Die Preise im Shop verstehen sich inkl.<br \/>\nMwst. Bei Rechnungsstellung erhalten Sie die<br \/>\nPreise zuz\u00fcglich 19 % Mwst. Daher k\u00f6nnen leine<br \/>\nPreisdifferenzen im Cent &#8211; Bereich auftreten.<\/p>\n<p>9. Mindestbestellwert Euro 27,&#8211;<br \/>\n( Ansonsten berechnen wir Ihnen Euro 5,&#8211;<br \/>\nMindermenge )<\/p>\n<p>10. Auslandslieferungen:<br \/>\nBitte geben Sie uns Ihre Umsatzsteuernummer<br \/>\nan, ansonsten m\u00fcssen wir Ihnen 19 % Mwst<br \/>\nberechnen. ( EU &#8211; Ausland )<\/p>\n<p>*************************************************<\/p>\n<p>General trading condition:<br \/>\nterms of payment: 8 days net cash on receipt of the invoice<\/p>\n<p>delivery ex works incl. VAT<\/p>\n<p>Reclamations can be considered only within 8 days after receipt the commodity.<\/p>\n<p>The supplied gods remain up to the complete payment our property<\/p>\n<p>With delay of payment we charge startin from 2. Reminder adminstratives expense as well as postage and other resulting costs<\/p>\n<p>During late payment we charge the interest usual in banking up to the receipt of payment<\/p>\n<p>Place of delivery for supply and payment as well as court conditions are 23611 Bad Schwartau<\/p>\n<p>The price in the shop are inclusive value added tax. During rendering of invoice your receive the prices plus 16% value added tax. Therefore small price discrepancies within the cent range can occur.<\/p>\n<p>Minimum purchase order value : Euro 27,&#8211;<br \/>\notherwise we charge you Euro 5,&#8211; lower-quantity sucharge<\/p>\n<p>Delivery to foreign countries:<br \/>\nPlease indicate your value added tax number to us, otherwise we must charge you 19% VAT.<br \/>\n( EU &#8211; foreign countries )<\/p>\n","protected":false},"excerpt":{"rendered":"<p>Allgemeine Gesch\u00e4ftsbedingungen 1. Zahlungsbedingungen: 8 Tage netto Kasse nach Erhalt der Rechnung 2. Lieferung ab Werk Bad Schwartau inkl. Mwst. 3. Reklamationen k\u00f6nnen nur innerhalb 8 Tagen nach Eingang der Ware ber\u00fccksichtigt werden. 4. Die gelieferten Waren bleiben bis zur v\u00f6lligen Bezahlung unser Eigentum. 5. Bei Zahlungsverzug berechnen wir ab 2.Mahnung Verwaltungskosten sowie Porto und &hellip; <\/p>\n<p class=\"link-more\"><a href=\"https:\/\/rotary-family-shop.de\/index.php\/allgemeine_geschaeftsbedingungen_oesterreich\/\" class=\"more-link\"><span class=\"screen-reader-text\">\u201eAllgemeine Gesch\u00e4ftsbedingungen (\u00d6sterreich)\u201c <\/span>weiterlesen<\/a><\/p>\n","protected":false},"author":1,"featured_media":0,"parent":0,"menu_order":0,"comment_status":"closed","ping_status":"closed","template":"","meta":{"footnotes":""},"class_list":["post-1578","page","type-page","status-publish","hentry"],"_links":{"self":[{"href":"https:\/\/rotary-family-shop.de\/index.php\/wp-json\/wp\/v2\/pages\/1578","targetHints":{"allow":["GET"]}}],"collection":[{"href":"https:\/\/rotary-family-shop.de\/index.php\/wp-json\/wp\/v2\/pages"}],"about":[{"href":"https:\/\/rotary-family-shop.de\/index.php\/wp-json\/wp\/v2\/types\/page"}],"author":[{"embeddable":true,"href":"https:\/\/rotary-family-shop.de\/index.php\/wp-json\/wp\/v2\/users\/1"}],"replies":[{"embeddable":true,"href":"https:\/\/rotary-family-shop.de\/index.php\/wp-json\/wp\/v2\/comments?post=1578"}],"version-history":[{"count":1,"href":"https:\/\/rotary-family-shop.de\/index.php\/wp-json\/wp\/v2\/pages\/1578\/revisions"}],"predecessor-version":[{"id":1581,"href":"https:\/\/rotary-family-shop.de\/index.php\/wp-json\/wp\/v2\/pages\/1578\/revisions\/1581"}],"wp:attachment":[{"href":"https:\/\/rotary-family-shop.de\/index.php\/wp-json\/wp\/v2\/media?parent=1578"}],"curies":[{"name":"wp","href":"https:\/\/api.w.org\/{rel}","templated":true}]}}